{"id":6,"date":"2019-05-13T14:44:55","date_gmt":"2019-05-13T14:44:55","guid":{"rendered":"https:\/\/triplecapital.hu\/?page_id=6"},"modified":"2019-09-27T15:03:56","modified_gmt":"2019-09-27T15:03:56","slug":"under-construction","status":"publish","type":"page","link":"https:\/\/triplecapital.hu\/en\/under-construction\/","title":{"rendered":"Under Construction"},"content":{"rendered":"<div data-elementor-type=\"wp-post\" data-elementor-id=\"6\" class=\"elementor elementor-6\" data-elementor-post-type=\"page\">\n\t\t\t\t\t\t<section class=\"elementor-section elementor-top-section elementor-element elementor-element-ebe4926 elementor-section-height-min-height elementor-section-boxed elementor-section-height-default elementor-section-items-middle\" data-id=\"ebe4926\" data-element_type=\"section\">\n\t\t\t\t\t\t<div class=\"elementor-container elementor-column-gap-default\">\n\t\t\t\t\t<div class=\"elementor-column elementor-col-100 elementor-top-column elementor-element elementor-element-8f72767\" data-id=\"8f72767\" data-element_type=\"column\">\n\t\t\t<div class=\"elementor-widget-wrap elementor-element-populated\">\n\t\t\t\t\t\t<div class=\"elementor-element elementor-element-869afb4 elementor-view-default elementor-position-block-start elementor-mobile-position-block-start elementor-widget elementor-widget-icon-box\" data-id=\"869afb4\" data-element_type=\"widget\" data-widget_type=\"icon-box.default\">\n\t\t\t\t<div class=\"elementor-widget-container\">\n\t\t\t\t\t\t\t<div class=\"elementor-icon-box-wrapper\">\n\n\t\t\t\t\t\t<div class=\"elementor-icon-box-icon\">\n\t\t\t\t<span  class=\"elementor-icon\">\n\t\t\t\t<i class=\"fa fa-unlink\" aria-hidden=\"true\"><\/i>\t\t\t\t<\/span>\n\t\t\t<\/div>\n\t\t\t\n\t\t\t\t\t\t<div class=\"elementor-icon-box-content\">\n\n\t\t\t\t\t\t\t\t\t<h3 class=\"elementor-icon-box-title\">\n\t\t\t\t\t\t<span  >\n\t\t\t\t\t\t\t\u00dcdv\u00f6z\u00f6lj\u00fck!\t\t\t\t\t\t<\/span>\n\t\t\t\t\t<\/h3>\n\t\t\t\t\n\t\t\t\t\t\t\t\t\t<p class=\"elementor-icon-box-description\">\n\t\t\t\t\t\tOldalunk fejleszt\u00e9s alatt \u00e1ll, k\u00e9rj\u00fck, l\u00e1togasson vissza k\u00e9s\u0151bb!\t\t\t\t\t<\/p>\n\t\t\t\t\n\t\t\t<\/div>\n\t\t\t\n\t\t<\/div>\n\t\t\t\t\t\t<\/div>\n\t\t\t\t<\/div>\n\t\t\t\t<div class=\"elementor-element elementor-element-5eb03c1 elementor-widget elementor-widget-spacer\" data-id=\"5eb03c1\" data-element_type=\"widget\" data-widget_type=\"spacer.default\">\n\t\t\t\t<div class=\"elementor-widget-container\">\n\t\t\t\t\t\t\t<div class=\"elementor-spacer\">\n\t\t\t<div class=\"elementor-spacer-inner\"><\/div>\n\t\t<\/div>\n\t\t\t\t\t\t<\/div>\n\t\t\t\t<\/div>\n\t\t\t\t\t<\/div>\n\t\t<\/div>\n\t\t\t\t\t<\/div>\n\t\t<\/section>\n\t\t\t\t<\/div>","protected":false},"excerpt":{"rendered":"<p>\u00dcdv\u00f6z\u00f6lj\u00fck! Oldalunk fejleszt\u00e9s alatt \u00e1ll, k\u00e9rj\u00fck, l\u00e1togasson vissza k\u00e9s\u0151bb!<\/p>","protected":false},"author":1,"featured_media":0,"parent":0,"menu_order":0,"comment_status":"closed","ping_status":"closed","template":"elementor_header_footer","meta":{"site-sidebar-layout":"no-sidebar","site-content-layout":"page-builder","ast-site-content-layout":"default","site-content-style":"default","site-sidebar-style":"default","ast-global-header-display":"","ast-banner-title-visibility":"","ast-main-header-display":"disabled","ast-hfb-above-header-display":"","ast-hfb-below-header-display":"","ast-hfb-mobile-header-display":"","site-post-title":"disabled","ast-breadcrumbs-content":"disabled","ast-featured-img":"disabled","footer-sml-layout":"disabled","ast-disable-related-posts":"","theme-transparent-header-meta":"default","adv-header-id-meta":"","stick-header-meta":"","header-above-stick-meta":"","header-main-stick-meta":"","header-below-stick-meta":"","astra-migrate-meta-layouts":"default","ast-page-background-enabled":"default","ast-page-background-meta":{"desktop":{"background-color":"","background-image":"","background-repeat":"repeat","background-position":"center center","background-size":"auto","background-attachment":"scroll","background-type":"","background-media":"","overlay-type":"","overlay-color":"","overlay-opacity":"","overlay-gradient":""},"tablet":{"background-color":"","background-image":"","background-repeat":"repeat","background-position":"center center","background-size":"auto","background-attachment":"scroll","background-type":"","background-media":"","overlay-type":"","overlay-color":"","overlay-opacity":"","overlay-gradient":""},"mobile":{"background-color":"","background-image":"","background-repeat":"repeat","background-position":"center center","background-size":"auto","background-attachment":"scroll","background-type":"","background-media":"","overlay-type":"","overlay-color":"","overlay-opacity":"","overlay-gradient":""}},"ast-content-background-meta":{"desktop":{"background-color":"var(--ast-global-color-5)","background-image":"","background-repeat":"repeat","background-position":"center center","background-size":"auto","background-attachment":"scroll","background-type":"","background-media":"","overlay-type":"","overlay-color":"","overlay-opacity":"","overlay-gradient":""},"tablet":{"background-color":"var(--ast-global-color-5)","background-image":"","background-repeat":"repeat","background-position":"center center","background-size":"auto","background-attachment":"scroll","background-type":"","background-media":"","overlay-type":"","overlay-color":"","overlay-opacity":"","overlay-gradient":""},"mobile":{"background-color":"var(--ast-global-color-5)","background-image":"","background-repeat":"repeat","background-position":"center center","background-size":"auto","background-attachment":"scroll","background-type":"","background-media":"","overlay-type":"","overlay-color":"","overlay-opacity":"","overlay-gradient":""}},"footnotes":""},"class_list":["post-6","page","type-page","status-publish","hentry"],"yoast_head":"<!-- This site is optimized with the Yoast SEO plugin v26.7 - https:\/\/yoast.com\/wordpress\/plugins\/seo\/ -->\n<title>Under Construction - Triple Capital<\/title>\n<meta name=\"robots\" content=\"index, follow, max-snippet:-1, max-image-preview:large, max-video-preview:-1\" \/>\n<link rel=\"canonical\" href=\"https:\/\/triplecapital.hu\/en\/under-construction\/\" \/>\n<meta property=\"og:locale\" content=\"en_US\" \/>\n<meta property=\"og:type\" content=\"article\" \/>\n<meta property=\"og:title\" content=\"Under Construction - Triple Capital\" \/>\n<meta property=\"og:description\" content=\"\u00dcdv\u00f6z\u00f6lj\u00fck! Oldalunk fejleszt\u00e9s alatt \u00e1ll, k\u00e9rj\u00fck, l\u00e1togasson vissza k\u00e9s\u0151bb!\" \/>\n<meta property=\"og:url\" content=\"https:\/\/triplecapital.hu\/en\/under-construction\/\" \/>\n<meta property=\"og:site_name\" content=\"Triple Capital\" \/>\n<meta property=\"article:modified_time\" content=\"2019-09-27T15:03:56+00:00\" \/>\n<meta name=\"twitter:card\" content=\"summary_large_image\" \/>\n<script type=\"application\/ld+json\" class=\"yoast-schema-graph\">{\"@context\":\"https:\/\/schema.org\",\"@graph\":[{\"@type\":\"WebPage\",\"@id\":\"https:\/\/triplecapital.hu\/under-construction\/\",\"url\":\"https:\/\/triplecapital.hu\/under-construction\/\",\"name\":\"Under Construction - Triple Capital\",\"isPartOf\":{\"@id\":\"https:\/\/triplecapital.hu\/#website\"},\"datePublished\":\"2019-05-13T14:44:55+00:00\",\"dateModified\":\"2019-09-27T15:03:56+00:00\",\"breadcrumb\":{\"@id\":\"https:\/\/triplecapital.hu\/under-construction\/#breadcrumb\"},\"inLanguage\":\"en-US\",\"potentialAction\":[{\"@type\":\"ReadAction\",\"target\":[\"https:\/\/triplecapital.hu\/under-construction\/\"]}]},{\"@type\":\"BreadcrumbList\",\"@id\":\"https:\/\/triplecapital.hu\/under-construction\/#breadcrumb\",\"itemListElement\":[{\"@type\":\"ListItem\",\"position\":1,\"name\":\"Kezd\u0151lap\",\"item\":\"https:\/\/triplecapital.hu\/hu_hu\/\"},{\"@type\":\"ListItem\",\"position\":2,\"name\":\"Under Construction\"}]},{\"@type\":\"WebSite\",\"@id\":\"https:\/\/triplecapital.hu\/#website\",\"url\":\"https:\/\/triplecapital.hu\/\",\"name\":\"Triple Capital\",\"description\":\"Az \u00e9p\u00edt\u0151 kapcsolat\",\"publisher\":{\"@id\":\"https:\/\/triplecapital.hu\/#organization\"},\"potentialAction\":[{\"@type\":\"SearchAction\",\"target\":{\"@type\":\"EntryPoint\",\"urlTemplate\":\"https:\/\/triplecapital.hu\/?s={search_term_string}\"},\"query-input\":{\"@type\":\"PropertyValueSpecification\",\"valueRequired\":true,\"valueName\":\"search_term_string\"}}],\"inLanguage\":\"en-US\"},{\"@type\":\"Organization\",\"@id\":\"https:\/\/triplecapital.hu\/#organization\",\"name\":\"Triple Capital Kft.\",\"url\":\"https:\/\/triplecapital.hu\/\",\"logo\":{\"@type\":\"ImageObject\",\"inLanguage\":\"en-US\",\"@id\":\"https:\/\/triplecapital.hu\/#\/schema\/logo\/image\/\",\"url\":\"https:\/\/triplecapital.hu\/wp-content\/uploads\/2019\/05\/tc_logo_horiz.svg\",\"contentUrl\":\"https:\/\/triplecapital.hu\/wp-content\/uploads\/2019\/05\/tc_logo_horiz.svg\",\"width\":1,\"height\":1,\"caption\":\"Triple Capital Kft.\"},\"image\":{\"@id\":\"https:\/\/triplecapital.hu\/#\/schema\/logo\/image\/\"}}]}<\/script>\n<!-- \/ Yoast SEO plugin. -->","yoast_head_json":{"title":"Under Construction - Triple Capital","robots":{"index":"index","follow":"follow","max-snippet":"max-snippet:-1","max-image-preview":"max-image-preview:large","max-video-preview":"max-video-preview:-1"},"canonical":"https:\/\/triplecapital.hu\/en\/under-construction\/","og_locale":"en_US","og_type":"article","og_title":"Under Construction - Triple Capital","og_description":"\u00dcdv\u00f6z\u00f6lj\u00fck! Oldalunk fejleszt\u00e9s alatt \u00e1ll, k\u00e9rj\u00fck, l\u00e1togasson vissza k\u00e9s\u0151bb!","og_url":"https:\/\/triplecapital.hu\/en\/under-construction\/","og_site_name":"Triple Capital","article_modified_time":"2019-09-27T15:03:56+00:00","twitter_card":"summary_large_image","schema":{"@context":"https:\/\/schema.org","@graph":[{"@type":"WebPage","@id":"https:\/\/triplecapital.hu\/under-construction\/","url":"https:\/\/triplecapital.hu\/under-construction\/","name":"Under Construction - Triple Capital","isPartOf":{"@id":"https:\/\/triplecapital.hu\/#website"},"datePublished":"2019-05-13T14:44:55+00:00","dateModified":"2019-09-27T15:03:56+00:00","breadcrumb":{"@id":"https:\/\/triplecapital.hu\/under-construction\/#breadcrumb"},"inLanguage":"en-US","potentialAction":[{"@type":"ReadAction","target":["https:\/\/triplecapital.hu\/under-construction\/"]}]},{"@type":"BreadcrumbList","@id":"https:\/\/triplecapital.hu\/under-construction\/#breadcrumb","itemListElement":[{"@type":"ListItem","position":1,"name":"Kezd\u0151lap","item":"https:\/\/triplecapital.hu\/hu_hu\/"},{"@type":"ListItem","position":2,"name":"Under Construction"}]},{"@type":"WebSite","@id":"https:\/\/triplecapital.hu\/#website","url":"https:\/\/triplecapital.hu\/","name":"Triple Capital","description":"The Constructive Partnership","publisher":{"@id":"https:\/\/triplecapital.hu\/#organization"},"potentialAction":[{"@type":"SearchAction","target":{"@type":"EntryPoint","urlTemplate":"https:\/\/triplecapital.hu\/?s={search_term_string}"},"query-input":{"@type":"PropertyValueSpecification","valueRequired":true,"valueName":"search_term_string"}}],"inLanguage":"en-US"},{"@type":"Organization","@id":"https:\/\/triplecapital.hu\/#organization","name":"Triple Capital Kft.","url":"https:\/\/triplecapital.hu\/","logo":{"@type":"ImageObject","inLanguage":"en-US","@id":"https:\/\/triplecapital.hu\/#\/schema\/logo\/image\/","url":"https:\/\/triplecapital.hu\/wp-content\/uploads\/2019\/05\/tc_logo_horiz.svg","contentUrl":"https:\/\/triplecapital.hu\/wp-content\/uploads\/2019\/05\/tc_logo_horiz.svg","width":1,"height":1,"caption":"Triple Capital Kft."},"image":{"@id":"https:\/\/triplecapital.hu\/#\/schema\/logo\/image\/"}}]}},"_links":{"self":[{"href":"https:\/\/triplecapital.hu\/en\/wp-json\/wp\/v2\/pages\/6","targetHints":{"allow":["GET"]}}],"collection":[{"href":"https:\/\/triplecapital.hu\/en\/wp-json\/wp\/v2\/pages"}],"about":[{"href":"https:\/\/triplecapital.hu\/en\/wp-json\/wp\/v2\/types\/page"}],"author":[{"embeddable":true,"href":"https:\/\/triplecapital.hu\/en\/wp-json\/wp\/v2\/users\/1"}],"replies":[{"embeddable":true,"href":"https:\/\/triplecapital.hu\/en\/wp-json\/wp\/v2\/comments?post=6"}],"version-history":[{"count":52,"href":"https:\/\/triplecapital.hu\/en\/wp-json\/wp\/v2\/pages\/6\/revisions"}],"predecessor-version":[{"id":143,"href":"https:\/\/triplecapital.hu\/en\/wp-json\/wp\/v2\/pages\/6\/revisions\/143"}],"wp:attachment":[{"href":"https:\/\/triplecapital.hu\/en\/wp-json\/wp\/v2\/media?parent=6"}],"curies":[{"name":"wp","href":"https:\/\/api.w.org\/{rel}","templated":true}]}}